{"id":103850,"date":"2024-11-16T07:46:42","date_gmt":"2024-11-16T10:46:42","guid":{"rendered":"https:\/\/www.correspondentevianopolino.com.br\/site\/?page_id=103850"},"modified":"2024-11-20T15:26:47","modified_gmt":"2024-11-20T18:26:47","slug":"103850-2","status":"publish","type":"page","link":"https:\/\/www.correspondentevianopolino.com.br\/site\/103850-2\/","title":{"rendered":"Aniversariantes"},"content":{"rendered":"<div class=\"birthdays-widget your_class \"><div class=\"birthday_date\" >1 de maio <\/div><ul class=\"birthday_list\"><li class=\"birthday_name\"><b><font color=\"red\">| <\/font><\/b>CELMAR JOS\u00c9 DA SILVA<a href=\"https:\/\/www.correspondentevianopolino.com.br\/site\/wp-content\/uploads\/2024\/08\/CELMAR-JOSE-DA-SILVA-1-228x300.jpg\" target=\"_blank\" class=\"user_image_enabled\" ><\/a><\/li><li class=\"birthday_name\"><b><font color=\"red\">| <\/font><\/b>ITAMAR RODRIGUES GARCIA<a href=\"https:\/\/www.correspondentevianopolino.com.br\/site\/wp-content\/plugins\/birthdays-widget\/images\/default_user.png\" target=\"_blank\" class=\"user_image_enabled\" ><\/a><\/li><li class=\"birthday_name\"><b><font color=\"red\">| <\/font><\/b>K\u00c1SSIA RAQUELL FERREIRA-<a href=\"https:\/\/www.correspondentevianopolino.com.br\/site\/wp-content\/plugins\/birthdays-widget\/images\/default_user.png\" target=\"_blank\" class=\"user_image_enabled\" ><\/a><\/li><li class=\"birthday_name\"><b><font color=\"red\">| <\/font><\/b>LAEL LEMOS<a href=\"https:\/\/www.correspondentevianopolino.com.br\/site\/wp-content\/plugins\/birthdays-widget\/images\/default_user.png\" target=\"_blank\" class=\"user_image_enabled\" ><\/a><\/li><li class=\"birthday_name\"><b><font color=\"red\">| <\/font><\/b>SIMONE APARECIDA VIEIRA<a href=\"https:\/\/www.correspondentevianopolino.com.br\/site\/wp-content\/plugins\/birthdays-widget\/images\/default_user.png\" target=\"_blank\" class=\"user_image_enabled\" ><\/a><\/li><\/ul><div class=\"birthday_date\" >2 de maio <\/div><ul class=\"birthday_list\"><li class=\"birthday_name\"><b><font color=\"red\">| <\/font><\/b>EUR\u00cdPEDES RODRIGUES DE PAULA<a href=\"https:\/\/www.correspondentevianopolino.com.br\/site\/wp-content\/plugins\/birthdays-widget\/images\/default_user.png\" target=\"_blank\" class=\"user_image_enabled\" ><\/a><\/li><li class=\"birthday_name\"><b><font color=\"red\">| <\/font><\/b>F\u00c1BIO ANT\u00d4NIO GUIMAR\u00c3ES<a href=\"https:\/\/www.correspondentevianopolino.com.br\/site\/wp-content\/uploads\/2024\/08\/FABIO-ANTONIO-GUIMARAESFABIM-SALAO-169x300.jpg\" target=\"_blank\" class=\"user_image_enabled\" ><\/a><\/li><li class=\"birthday_name\"><b><font color=\"red\">| <\/font><\/b>JOSEFINA BARBOSA<a href=\"https:\/\/www.correspondentevianopolino.com.br\/site\/wp-content\/plugins\/birthdays-widget\/images\/default_user.png\" target=\"_blank\" class=\"user_image_enabled\" ><\/a><\/li><li class=\"birthday_name\"><b><font color=\"red\">| <\/font><\/b>JOS\u00c9 NEVES DA SILVA J\u00daNIOR<a href=\"https:\/\/www.correspondentevianopolino.com.br\/site\/wp-content\/plugins\/birthdays-widget\/images\/default_user.png\" target=\"_blank\" class=\"user_image_enabled\" ><\/a><\/li><li class=\"birthday_name\"><b><font color=\"red\">| <\/font><\/b>MARIA APARECIDA DE OLIVEIRA SOUZA<a href=\"https:\/\/www.correspondentevianopolino.com.br\/site\/wp-content\/plugins\/birthdays-widget\/images\/default_user.png\" target=\"_blank\" class=\"user_image_enabled\" ><\/a><\/li><li class=\"birthday_name\"><b><font color=\"red\">| <\/font><\/b>NIELCI JOS\u00c9 DE BRITO<a href=\"https:\/\/www.correspondentevianopolino.com.br\/site\/wp-content\/plugins\/birthdays-widget\/images\/default_user.png\" target=\"_blank\" class=\"user_image_enabled\" ><\/a><\/li><li class=\"birthday_name\"><b><font color=\"red\">| <\/font><\/b>SUELI DE JESUS DUTRA<a href=\"https:\/\/www.correspondentevianopolino.com.br\/site\/wp-content\/plugins\/birthdays-widget\/images\/default_user.png\" target=\"_blank\" class=\"user_image_enabled\" ><\/a><\/li><li class=\"birthday_name\"><b><font color=\"red\">| <\/font><\/b>WILLIAN DA SILVA <a href=\"https:\/\/www.correspondentevianopolino.com.br\/site\/wp-content\/plugins\/birthdays-widget\/images\/default_user.png\" target=\"_blank\" class=\"user_image_enabled\" ><\/a><\/li><li class=\"birthday_name\"><b><font color=\"red\">| <\/font><\/b>WILMA GOMES DA SILVA <a href=\"https:\/\/www.correspondentevianopolino.com.br\/site\/wp-content\/uploads\/2020\/04\/Wilma-Gomes-da-Silva-228x300.jpg\" target=\"_blank\" class=\"user_image_enabled\" ><\/a><\/li><\/ul><div class=\"birthday_date\" >3 de maio <\/div><ul class=\"birthday_list\"><li class=\"birthday_name\"><b><font color=\"red\">| <\/font><\/b>ANA MARIA OLIVEIRA<a href=\"https:\/\/www.correspondentevianopolino.com.br\/site\/wp-content\/plugins\/birthdays-widget\/images\/default_user.png\" target=\"_blank\" class=\"user_image_enabled\" ><\/a><\/li><li class=\"birthday_name\"><b><font color=\"red\">| <\/font><\/b>CELINA PEREIRA<a href=\"https:\/\/www.correspondentevianopolino.com.br\/site\/wp-content\/plugins\/birthdays-widget\/images\/default_user.png\" target=\"_blank\" class=\"user_image_enabled\" ><\/a><\/li><li class=\"birthday_name\"><b><font color=\"red\">| <\/font><\/b>CLEONI RODRIGUES<a href=\"https:\/\/www.correspondentevianopolino.com.br\/site\/wp-content\/plugins\/birthdays-widget\/images\/default_user.png\" target=\"_blank\" class=\"user_image_enabled\" ><\/a><\/li><li class=\"birthday_name\"><b><font color=\"red\">| <\/font><\/b>EDUARDO DE ALMEIDA XAVIER<a href=\"https:\/\/www.correspondentevianopolino.com.br\/site\/wp-content\/uploads\/2022\/05\/EDUARDO-DE-ALMEIDA-XAVIER-300x300.jpg\" target=\"_blank\" class=\"user_image_enabled\" ><\/a><\/li><li class=\"birthday_name\"><b><font color=\"red\">| <\/font><\/b>GEMA GEOVANA MORAES<a href=\"https:\/\/www.correspondentevianopolino.com.br\/site\/wp-content\/plugins\/birthdays-widget\/images\/default_user.png\" target=\"_blank\" class=\"user_image_enabled\" ><\/a><\/li><li class=\"birthday_name\"><b><font color=\"red\">| <\/font><\/b>MARIA HELENA PEREIRA FERNANDES <a href=\"https:\/\/www.correspondentevianopolino.com.br\/site\/wp-content\/plugins\/birthdays-widget\/images\/default_user.png\" target=\"_blank\" class=\"user_image_enabled\" ><\/a><\/li><li class=\"birthday_name\"><b><font color=\"red\">| <\/font><\/b>MARLENE MARIA BASTOS BITTENCOURT<a href=\"https:\/\/www.correspondentevianopolino.com.br\/site\/wp-content\/plugins\/birthdays-widget\/images\/default_user.png\" target=\"_blank\" class=\"user_image_enabled\" ><\/a><\/li><li class=\"birthday_name\"><b><font color=\"red\">| <\/font><\/b>NEILA CRISTINA DE OLIVEIRA<a href=\"https:\/\/www.correspondentevianopolino.com.br\/site\/wp-content\/plugins\/birthdays-widget\/images\/default_user.png\" target=\"_blank\" class=\"user_image_enabled\" ><\/a><\/li><li class=\"birthday_name\"><b><font color=\"red\">| <\/font><\/b>SEBASTI\u00c3O VIEIRA MACHADO<a href=\"https:\/\/www.correspondentevianopolino.com.br\/site\/wp-content\/plugins\/birthdays-widget\/images\/default_user.png\" target=\"_blank\" class=\"user_image_enabled\" ><\/a><\/li><li class=\"birthday_name\"><b><font color=\"red\">| <\/font><\/b>SUZANA BATISTA GUIMAR\u00c3ES<a href=\"https:\/\/www.correspondentevianopolino.com.br\/site\/wp-content\/uploads\/2022\/05\/SUZANA-BATISTA-GUIMARAES-2-300x200.jpg\" target=\"_blank\" class=\"user_image_enabled\" ><\/a><\/li><\/ul><\/div>\n","protected":false},"excerpt":{"rendered":"","protected":false},"author":3,"featured_media":0,"parent":0,"menu_order":0,"comment_status":"closed","ping_status":"closed","template":"","meta":{"_uag_custom_page_level_css":"","site-sidebar-layout":"default","site-content-layout":"","ast-site-content-layout":"default","site-content-style":"default","site-sidebar-style":"default","ast-global-header-display":"","ast-banner-title-visibility":"","ast-main-header-display":"","ast-hfb-above-header-display":"","ast-hfb-below-header-display":"","ast-hfb-mobile-header-display":"","site-post-title":"","ast-breadcrumbs-content":"","ast-featured-img":"","footer-sml-layout":"","ast-disable-related-posts":"","theme-transparent-header-meta":"","adv-header-id-meta":"","stick-header-meta":"","header-above-stick-meta":"","header-main-stick-meta":"","header-below-stick-meta":"","astra-migrate-meta-layouts":"default","ast-page-background-enabled":"default","ast-page-background-meta":{"desktop":{"background-color":"var(--ast-global-color-4)","background-image":"","background-repeat":"repeat","background-position":"center center","background-size":"auto","background-attachment":"scroll","background-type":"","background-media":"","overlay-type":"","overlay-color":"","overlay-opacity":"","overlay-gradient":""},"tablet":{"background-color":"","background-image":"","background-repeat":"repeat","background-position":"center center","background-size":"auto","background-attachment":"scroll","background-type":"","background-media":"","overlay-type":"","overlay-color":"","overlay-opacity":"","overlay-gradient":""},"mobile":{"background-color":"","background-image":"","background-repeat":"repeat","background-position":"center center","background-size":"auto","background-attachment":"scroll","background-type":"","background-media":"","overlay-type":"","overlay-color":"","overlay-opacity":"","overlay-gradient":""}},"ast-content-background-meta":{"desktop":{"background-color":"var(--ast-global-color-5)","background-image":"","background-repeat":"repeat","background-position":"center center","background-size":"auto","background-attachment":"scroll","background-type":"","background-media":"","overlay-type":"","overlay-color":"","overlay-opacity":"","overlay-gradient":""},"tablet":{"background-color":"var(--ast-global-color-5)","background-image":"","background-repeat":"repeat","background-position":"center center","background-size":"auto","background-attachment":"scroll","background-type":"","background-media":"","overlay-type":"","overlay-color":"","overlay-opacity":"","overlay-gradient":""},"mobile":{"background-color":"var(--ast-global-color-5)","background-image":"","background-repeat":"repeat","background-position":"center center","background-size":"auto","background-attachment":"scroll","background-type":"","background-media":"","overlay-type":"","overlay-color":"","overlay-opacity":"","overlay-gradient":""}},"footnotes":""},"class_list":["post-103850","page","type-page","status-publish","hentry"],"uagb_featured_image_src":{"full":false,"thumbnail":false,"medium":false,"medium_large":false,"large":false,"1536x1536":false,"2048x2048":false},"uagb_author_info":{"display_name":"Vinicius Santos","author_link":"https:\/\/www.correspondentevianopolino.com.br\/site\/author\/vinicius\/"},"uagb_comment_info":0,"uagb_excerpt":null,"_links":{"self":[{"href":"https:\/\/www.correspondentevianopolino.com.br\/site\/wp-json\/wp\/v2\/pages\/103850","targetHints":{"allow":["GET"]}}],"collection":[{"href":"https:\/\/www.correspondentevianopolino.com.br\/site\/wp-json\/wp\/v2\/pages"}],"about":[{"href":"https:\/\/www.correspondentevianopolino.com.br\/site\/wp-json\/wp\/v2\/types\/page"}],"author":[{"embeddable":true,"href":"https:\/\/www.correspondentevianopolino.com.br\/site\/wp-json\/wp\/v2\/users\/3"}],"replies":[{"embeddable":true,"href":"https:\/\/www.correspondentevianopolino.com.br\/site\/wp-json\/wp\/v2\/comments?post=103850"}],"version-history":[{"count":0,"href":"https:\/\/www.correspondentevianopolino.com.br\/site\/wp-json\/wp\/v2\/pages\/103850\/revisions"}],"wp:attachment":[{"href":"https:\/\/www.correspondentevianopolino.com.br\/site\/wp-json\/wp\/v2\/media?parent=103850"}],"curies":[{"name":"wp","href":"https:\/\/api.w.org\/{rel}","templated":true}]}}