{"id":149,"date":"2015-08-31T20:19:19","date_gmt":"2015-08-31T20:19:19","guid":{"rendered":"http:\/\/www.correspondentevianopolino.com.br\/?page_id=149"},"modified":"2025-08-19T18:48:41","modified_gmt":"2025-08-19T21:48:41","slug":"o-autor","status":"publish","type":"page","link":"https:\/\/www.correspondentevianopolino.com.br\/site\/o-autor\/","title":{"rendered":"AUTOR"},"content":{"rendered":"\n<div class=\"wp-block-uagb-separator uagb-block-af31a9cc\"><div class=\"wp-block-uagb-separator__inner\" style=\"--my-background-image:\"><\/div><\/div>\n\n\n\n<p class=\"texto-biografia has-medium-font-size\">Biografia<\/p>\n\n\n\n<div class=\"wp-block-media-text is-stacked-on-mobile\" style=\"grid-template-columns:34% auto\"><figure class=\"wp-block-media-text__media\"><img decoding=\"async\" width=\"1012\" height=\"675\" src=\"https:\/\/www.correspondentevianopolino.com.br\/site\/wp-content\/uploads\/2025\/08\/Olivio-Lemos-1012x675.jpeg\" alt=\"\" class=\"wp-image-111164 size-full\" srcset=\"https:\/\/www.correspondentevianopolino.com.br\/site\/wp-content\/uploads\/2025\/08\/Olivio-Lemos-1012x675.jpeg 1012w, https:\/\/www.correspondentevianopolino.com.br\/site\/wp-content\/uploads\/2025\/08\/Olivio-Lemos-300x200.jpeg 300w, https:\/\/www.correspondentevianopolino.com.br\/site\/wp-content\/uploads\/2025\/08\/Olivio-Lemos-465x310.jpeg 465w, https:\/\/www.correspondentevianopolino.com.br\/site\/wp-content\/uploads\/2025\/08\/Olivio-Lemos-768x512.jpeg 768w, https:\/\/www.correspondentevianopolino.com.br\/site\/wp-content\/uploads\/2025\/08\/Olivio-Lemos-1536x1024.jpeg 1536w, https:\/\/www.correspondentevianopolino.com.br\/site\/wp-content\/uploads\/2025\/08\/Olivio-Lemos.jpeg 1600w\" sizes=\"(max-width: 1012px) 100vw, 1012px\" \/><\/figure><div class=\"wp-block-media-text__content\">\n<p>Natural de Concei\u00e7\u00e3o das Alagoas, Minas Gerais, cidade pr\u00f3xima a Uberaba, Ol\u00edvio Lemos Pereira Filho nasceu no dia 24 de Novembro de 1955, uma quinta-feira, no lar de Ol\u00edvio Lemos Pereira e Oronda Borges Pereira.<\/p>\n\n\n\n<p>Aos 12 anos, mudou-se para Uberaba, onde deu seq\u00fc\u00eancia aos seus estudos, n\u00e3o tendo oportunidade de concluir o segundo grau por falta de recursos financeiros. Teve que abandonar os estudos no Segundo Ano de Qu\u00edmica Profissionalizante na Escola de Qu\u00edmica de Uberaba.<\/p>\n\n\n\n<p>Radialista desde os 15 anos de idade, Ol\u00edvio Lemos \u00e9 um amante da leitura.<\/p>\n<\/div><\/div>\n\n\n\n<div class=\"wp-block-uagb-separator uagb-block-2ecc9cf4\"><div class=\"uagb-separator-spacing-wrapper\"><div class=\"wp-block-uagb-separator__inner\" style=\"--my-background-image:\"><\/div><\/div><\/div>\n\n\n\n<p>Ol\u00edvio Lemos come\u00e7ou sua vida de Radialista na R\u00e1dio Sociedade, passando pela R\u00e1dio Sete Colinas e Difusora, todas de Uberaba. Na R\u00e1dio Difusora, em 1978, na \u00e9poca do regime militar, come\u00e7ou a fazer o trabalho de noticiarista, passando posteriormente a chefiar o Departamento de Jornalismo da emissora. Em seguida, trabalhou na R\u00e1dio Eldorado de Mineiros, no ano de 1979.<\/p>\n\n\n\n<p>Em 1980, colaborou na funda\u00e7\u00e3o da R\u00e1dio Rio Claro de Ipor\u00e1-Go, sendo seu primeiro diretor at\u00e9 meados de 1988. Em 1988 come\u00e7ou a trabalhar como Leiloeiro Rural, atuando hoje em diversas cidades de Goi\u00e1s, principalmente na regi\u00e3o da Estrada de Ferro e entorno do DF.<\/p>\n\n\n\n<p>Em 1997, iniciou o trabalho de Rep\u00f3rter da R\u00e1dio Rio Vermelho de Silv\u00e2nia na cidade de Vian\u00f3polis, com o seu di\u00e1rio e tradicional Correspondente Vianopolino, o qual \u00e9 apresentado tamb\u00e9m pela R\u00e1dio L\u00edder FM de Vian\u00f3polis.<\/p>\n\n\n\n<p>Em 1998, participou da funda\u00e7\u00e3o da R\u00e1dio L\u00edder Comunit\u00e1ria de Vian\u00f3polis, de quem foi seu primeiro Diretor. Ol\u00edvio Lemos foi durante dois anos, 2001 e 2002, Assessor de Comunica\u00e7\u00e3o da Prefeitura de Silv\u00e2nia.<\/p>\n\n\n\n<p>Em Vian\u00f3polis, na administra\u00e7\u00e3o do Prefeito Ant\u00f4nio Divino de Resende (2005\/2008) foi Secret\u00e1rio de Governo, Presidente da Comiss\u00e3o Permanente de Licita\u00e7\u00e3o, Presidente do Instituto de Previd\u00eancia do Munic\u00edpio e Assessor de Comunica\u00e7\u00e3o da Prefeitura de Vian\u00f3polis.<\/p>\n\n\n\n<p>Foi fundador da Repol Celulares, primeira loja de celulares de Vian\u00f3polis, Ex-Presidente da Associa\u00e7\u00e3o de Pais e Mestres do Col\u00e9gio Estadual Jandira Bretas Quinan; Ex-Diretor do Vereda Country Clube e Primeiro Protocolo do Rotary Clube de Vian\u00f3polis.<\/p>\n\n\n\n<p>Al\u00e9m de leiloeiro rural, \u00e9 propriet\u00e1rio da PROMOL &#8211; Publicidade e Promo\u00e7\u00f5es Ol\u00edvio Lemos, atuando no ramo de publicidade volante na cidade de Vian\u00f3polis e regi\u00e3o.<\/p>\n\n\n\n<p>\u00c9 divorciado e pai de Amanda Oliveira Lemos, advogada, e de Ol\u00edvio Lemos Pereira Neto, empres\u00e1rio e propriet\u00e1rio de Cyber Internet. Amanda Oliveira Lemos reside em Vian\u00f3polis e Ol\u00edvio Neto \u00e9 casado com Ketlyn Grellmann, farmac\u00eautica silvaniense.<\/p>\n","protected":false},"excerpt":{"rendered":"<p>Biografia Natural de Concei\u00e7\u00e3o das Alagoas, Minas Gerais, cidade pr\u00f3xima a Uberaba, Ol\u00edvio Lemos Pereira Filho nasceu no dia 24 [&hellip;]<\/p>\n","protected":false},"author":3,"featured_media":0,"parent":0,"menu_order":0,"comment_status":"closed","ping_status":"closed","template":"","meta":{"_uag_custom_page_level_css":"","site-sidebar-layout":"default","site-content-layout":"","ast-site-content-layout":"","site-content-style":"default","site-sidebar-style":"default","ast-global-header-display":"","ast-banner-title-visibility":"","ast-main-header-display":"","ast-hfb-above-header-display":"","ast-hfb-below-header-display":"","ast-hfb-mobile-header-display":"","site-post-title":"","ast-breadcrumbs-content":"","ast-featured-img":"","footer-sml-layout":"","ast-disable-related-posts":"","theme-transparent-header-meta":"","adv-header-id-meta":"","stick-header-meta":"","header-above-stick-meta":"","header-main-stick-meta":"","header-below-stick-meta":"","astra-migrate-meta-layouts":"default","ast-page-background-enabled":"default","ast-page-background-meta":{"desktop":{"background-color":"var(--ast-global-color-4)","background-image":"","background-repeat":"repeat","background-position":"center center","background-size":"auto","background-attachment":"scroll","background-type":"","background-media":"","overlay-type":"","overlay-color":"","overlay-opacity":"","overlay-gradient":""},"tablet":{"background-color":"","background-image":"","background-repeat":"repeat","background-position":"center center","background-size":"auto","background-attachment":"scroll","background-type":"","background-media":"","overlay-type":"","overlay-color":"","overlay-opacity":"","overlay-gradient":""},"mobile":{"background-color":"","background-image":"","background-repeat":"repeat","background-position":"center center","background-size":"auto","background-attachment":"scroll","background-type":"","background-media":"","overlay-type":"","overlay-color":"","overlay-opacity":"","overlay-gradient":""}},"ast-content-background-meta":{"desktop":{"background-color":"var(--ast-global-color-5)","background-image":"","background-repeat":"repeat","background-position":"center center","background-size":"auto","background-attachment":"scroll","background-type":"","background-media":"","overlay-type":"","overlay-color":"","overlay-opacity":"","overlay-gradient":""},"tablet":{"background-color":"var(--ast-global-color-5)","background-image":"","background-repeat":"repeat","background-position":"center center","background-size":"auto","background-attachment":"scroll","background-type":"","background-media":"","overlay-type":"","overlay-color":"","overlay-opacity":"","overlay-gradient":""},"mobile":{"background-color":"var(--ast-global-color-5)","background-image":"","background-repeat":"repeat","background-position":"center center","background-size":"auto","background-attachment":"scroll","background-type":"","background-media":"","overlay-type":"","overlay-color":"","overlay-opacity":"","overlay-gradient":""}},"footnotes":""},"class_list":["post-149","page","type-page","status-publish","hentry"],"uagb_featured_image_src":{"full":false,"thumbnail":false,"medium":false,"medium_large":false,"large":false,"1536x1536":false,"2048x2048":false},"uagb_author_info":{"display_name":"Vinicius Santos","author_link":"https:\/\/www.correspondentevianopolino.com.br\/site\/author\/vinicius\/"},"uagb_comment_info":0,"uagb_excerpt":"Biografia Natural de Concei\u00e7\u00e3o das Alagoas, Minas Gerais, cidade pr\u00f3xima a Uberaba, Ol\u00edvio Lemos Pereira Filho nasceu no dia 24 [&hellip;]","_links":{"self":[{"href":"https:\/\/www.correspondentevianopolino.com.br\/site\/wp-json\/wp\/v2\/pages\/149","targetHints":{"allow":["GET"]}}],"collection":[{"href":"https:\/\/www.correspondentevianopolino.com.br\/site\/wp-json\/wp\/v2\/pages"}],"about":[{"href":"https:\/\/www.correspondentevianopolino.com.br\/site\/wp-json\/wp\/v2\/types\/page"}],"author":[{"embeddable":true,"href":"https:\/\/www.correspondentevianopolino.com.br\/site\/wp-json\/wp\/v2\/users\/3"}],"replies":[{"embeddable":true,"href":"https:\/\/www.correspondentevianopolino.com.br\/site\/wp-json\/wp\/v2\/comments?post=149"}],"version-history":[{"count":0,"href":"https:\/\/www.correspondentevianopolino.com.br\/site\/wp-json\/wp\/v2\/pages\/149\/revisions"}],"wp:attachment":[{"href":"https:\/\/www.correspondentevianopolino.com.br\/site\/wp-json\/wp\/v2\/media?parent=149"}],"curies":[{"name":"wp","href":"https:\/\/api.w.org\/{rel}","templated":true}]}}